{"id":3491,"date":"2018-06-21T17:57:09","date_gmt":"2018-06-21T15:57:09","guid":{"rendered":"https:\/\/www.fluggz.com\/?page_id=3491"},"modified":"2020-10-13T14:21:12","modified_gmt":"2020-10-13T12:21:12","slug":"privacy-statement","status":"publish","type":"page","link":"https:\/\/www.fluggz.com\/de\/privacy-statement\/","title":{"rendered":"Datenschutzerkl\u00e4rung"},"content":{"rendered":"<p><section   class=\"fw-main-row-custom fw-main-row-top  fw_theme_bg_color_1 auto fw-content-vertical-align-middle fw-section-position-back tf-sh-51ce09d445d2b6fbfec00a89369ebdad\"    >\n\t\t\t<div class=\"fw-container\" >\n\t\t<div class=\"fw-row\">\n\t<div id=\"column-69fa1628cef01\" class=\"fw-col-sm-12 tf-sh-2bb57dbead5bf6b4d5baceac35146d7e\" >\n\t<div class=\"fw-wrap-col-inner clearfix\"   >\n\t\t\t\t<div class=\"fw-col-inner\">\n\t\t\t<div class=\"fw-divider-space  fw-custom-space  fw-mobile-hide-element clearfix\" style=\"height:91px;\" ><\/div><div class=\"fw-heading fw-heading-center  tf-sh-1aa2ad908d97ba096aa3c8b8df8eb28c\" >\n\t\t\t<h1 class=\"fw-special-title\">Datenschutzerkl\u00e4rung<\/h1>\n\t\n\t\n\t<\/div>\t\t<\/div>\n\t<\/div>\n<\/div><\/div>\n\n\t<\/div>\n\t<\/section><section   class=\"fw-main-row-custom  auto  fw-section-position-back tf-sh-b66ba2d3c87680ab841ac4ad1ef01126\"    >\n\t\t\t<div class=\"fw-container\" >\n\t\t<div class=\"fw-row\">\n\t<div id=\"column-69fa1628cf4af\" class=\"fw-col-sm-12 tf-sh-e34a63adcadcc52e0af63dc6b1bee68d\" >\n\t<div class=\"fw-wrap-col-inner clearfix\"   >\n\t\t\t\t<div class=\"fw-col-inner\">\n\t\t\t<div class=\"fw-text-box tf-sh-582771bd8ccfb17d8e4b86a69939d7c4\" >\n\t<div class=\"fw-text-inner\">\n\t\t<h3>Datenschutzerkl\u00e4rung<\/h3>\n<p>Hiermit informieren wir Sie \u00fcber die Verarbeitung Ihrer personenbezogenen Daten durch Fluggz und die Ihnen nach dem Datenschutzrecht zustehenden Rechte.<\/p>\n<h4>1. Wer ist f\u00fcr die Datenverarbeitung verantwortlich und wie erreiche ich den Datenschutzbeauftragten?<\/h4>\n<p>Verantwortlicher f\u00fcr die Datenverarbeitung ist:<br \/><strong>Fluggz bv<\/strong><br \/>Marchandweg 45<br \/>3771 MN Barneveld<br \/>T +31-342-404740<br \/>F +31-342-492972<br \/>https:\/\/fluggz.com<\/p>\n<p>vertreten durch: Gesch\u00e4ftsf\u00fchrer Mark de Beer<br \/>Wir sind nicht zur Bestellung eines Datenschutzbeauftragten verpflichtet.<\/p>\n<h4>2. F\u00fcr welche Zwecke und auf welcher Rechtsgrundlage werden Daten verarbeitet?<\/h4>\n<p>Wir verarbeiten Ihre personenbezogenen Daten unter Beachtung der Bestimmungen der Datenschutzgrundverordnung (DSGVO), des Bundesdatenschutzgesetzes (BDSG-neu) sowie aller weiteren ma\u00dfgeblichen Gesetze nur, soweit dies zur Bereitstellung der Informationen auf dieser Website sowie unserer Leistungen auf dieser Website erforderlich ist.<br \/>Bei der blo\u00df informatorischen Nutzung der Website, also wenn Sie sich nicht zur Nutzung der Website anmelden, registrieren oder uns sonst Informationen \u00fcbermitteln, erheben wir keine personenbezogenen Daten, mit Ausnahme der Daten, die Ihr Browser \u00fcbermittelt, um Ihnen den Besuch der Website zu erm\u00f6glichen. Diese sind:<\/p>\n<p>\u2022 IP-Adresse<br \/>\u2022 Datum und Uhrzeit der Anfrage<br \/>\u2022 Zeitzonendifferenz zur Greenwich Mean Time (GMT)<br \/>\u2022 Inhalt der Anforderung (konkrete Seite)<br \/>\u2022 Zugriffsstatus\/HTTP-Statuscode<br \/>\u2022 jeweils \u00fcbertragene Datenmenge<br \/>\u2022 Website, von der die Anforderung kommt<br \/>\u2022 Browser<br \/>\u2022 Betriebssystem und dessen Oberfl\u00e4che<br \/>\u2022 Sprache und Version der Browsersoftware.<\/p>\n<p>Um eine Funktionst\u00e4tigkeit der Webseite sicherzustellen, erfolgt eine Speicherung in Logfiles. Diese Daten dienen dar\u00fcber hinaus auch zur Sicherstellung der Sicherheit von unseren informationstechnischen Systemen und zur Webseitenoptimierung durch Analyse des Besucherverhaltens.<br \/>Art. 6 Abs. 1 lit. f DSGVO bildet die Rechtsgrundlage f\u00fcr die vor\u00fcbergehende Speicherung der Daten und Logfiles.<br \/>Unterliegt unser Unternehmen einer rechtlichen Verpflichtung f\u00fcr deren Erf\u00fcllung die Verarbeitung von personenbezogenen Daten erforderlich ist, ist Art. 6 Abs. 1 lit. c DSGVO die Rechtsgrundlage.<br \/>Personenbezogene Daten k\u00f6nnen an unsere IT-Dienstleister zur Bereitstellung dieser Webseite weitergegeben werden.<\/p>\n<p>Weiterhin werden Cookies eingesetzt wenn Sie sich anmelden in einem Fluggz Webshop einer unseren Kunden. Der Cookie speichert Ihre Sitzungsdaten, damit Sie bei dem n\u00e4chsten Besuch an dem Webshop noch angemeldet sind. Damit machen wir es bequemer, die Webseite zu nutzen.<\/p>\n<h5>Benutzung von Werkzeugen von Dritten<\/h5>\n<p>Wir arbeiten auch zusammen mit <a href=\"https:\/\/support.google.com\/analytics\/answer\/6004245?hl=en\" target=\"_blank\" rel=\"noopener\">Google Analytics<\/a> um Tracking Technologie und Remarketing Dienstleistungen zu erm\u00f6glichen auf dieser Webseite sowie auf den Webshops unseren Kunden. Dazu werden Cookies eingesetzt um u.a. die Benutzung von den Seiten durch Besucher nach zu verfolgen und zu analysieren, die Popularit\u00e4t von bestimmten Inhalten zu bestimmen und die online Aktivit\u00e4ten besser zu verstehen. Durch Ihre Nutzung der Webseite stimmen Sie die Einsammlung und Benutzung durch Dritten von Ihren Daten zu. Wir empfehlen Ihnen die Datenschutzpolitik dieser Dritten durch zu lesen und sie zu kontaktieren falls Sie dazu Fragen haben. Wir versenden keine pers\u00f6nliche Informationen an diesen Dritten. Allerdings, falls Sie nicht wollen dass Ihre Informationen gesammelt und genutzt werden von Tracking Technologien, k\u00f6nnen Sie die Webseite von Google Analytics besuchen oder die <a href=\"https:\/\/optout.networkadvertising.org\/?c=1\" target=\"_blank\" rel=\"noopener\">Network Advertising Initiative Opt-Out Tool<\/a> oder <a href=\"https:\/\/optout.aboutads.info\/?c=2&amp;lang=EN\" target=\"_blank\" rel=\"noopener\">Digital Advertising Alliance Opt-Out Tool<\/a>.<br \/>Sie sollten sich realisieren dass das Bekommen eines neuen Rechners, die Installation eines neuen Browsers, das Aktualisieren eines bestehenden Browsers, oder das L\u00f6schen oder anderweitig Anpassen von Ihren Browsers Cookie Dateien auch bestimmte Opt-out Cookies, Plug-ins oder Einstellungen l\u00f6schen kann.<\/p>\n<h4>3. Datensicherheit<\/h4>\n<p>Wir unterhalten aktuelle technische Ma\u00dfnahmen zur Gew\u00e4hrleistung der Datensicherheit, insbesondere zum Schutz Ihrer personenbezogenen Daten vor Gefahren bei Daten\u00fcbertragungen sowie vor Kenntniserlangung durch Dritte. Diese werden dem aktuellen Stand der Technik entsprechend jeweils angepasst.<\/p>\n<h4>4. Kinder<\/h4>\n<p>Wir erheben keine pers\u00f6nlichen Informationen von Minderj\u00e4hrigen. Im Fall der unwissentlichen Erhebung werden wir diese unverz\u00fcglich l\u00f6schen.<\/p>\n<h4>5. Kann ich gegen die Verarbeitung meiner personenbezogenen Daten widersprechen?<\/h4>\n<p>Sie haben das Recht, einer Verarbeitung Ihrer personenbezogenen Daten zu Zwecken der Direktwerbung ohne Angabe von Gr\u00fcnden zu widersprechen. Verarbeiten wir Ihre Daten zur Wahrung berechtigter Interessen, k\u00f6nnen Sie dieser Verarbeitung aus Gr\u00fcnden, die sich aus Ihrer besonderen Situation ergeben, widersprechen. Wir verarbeiten Ihre personenbezogenen Daten dann nicht mehr, es sei denn, wir k\u00f6nnen zwingende schutzw\u00fcrdige Gr\u00fcnde f\u00fcr die Verarbeitung nachweisen, die Ihre Interessen, Rechte und Freiheiten \u00fcberwiegen oder die Verarbeitung dient der Geltendmachung, Aus\u00fcbung oder Verteidigung von Rechtsanspr\u00fcchen.<br \/>Um die Webseite f\u00fcr Nutzer bereitzustellen und den Betrieb der Webseite zu gew\u00e4hrleisten, sind die Erfassung von Daten und deren Speicherung in Logfiles zwingend erforderlich. Aufgrund dessen besteht keine M\u00f6glichkeit des Widerspruchs f\u00fcr den Nutzer. Sofern Logfiles gespeichert werden, so werden die sp\u00e4testens nach sieben Tagen gel\u00f6scht. Eine weitergehende Verarbeitung erfolgt nicht.<\/p>\n<h4>6. Habe ich die M\u00f6glichkeit mich zu beschweren?<\/h4>\n<p>Sind Sie der Auffassung, dass die Verarbeitung Ihrer personenbezogenen Daten durch uns rechtswidrig ist oder gegebenenfalls aus anderen Gr\u00fcnden gegen das Datenschutzrecht versto\u00dfen, so k\u00f6nnen Sie sich bei der f\u00fcr uns zust\u00e4ndigen Aufsichtsbeh\u00f6rde beschweren:<br \/>Autoriteit Persoonsgegevens, +31-88-1805 255<\/p>\n\t<\/div>\n<\/div>\t\t<\/div>\n\t<\/div>\n<\/div><\/div>\n\n\t<\/div>\n\t<\/section><\/p>","protected":false},"excerpt":{"rendered":"<p>PRIVACY STATEMENT Privacy Statement Hiermee informeren wij u over de verwerking van uw privacy gevoelige gegevens door Fluggz en uw rechten volgens de privacy wetgeving. 1. Wie is verantwoordelijk voor de verwerking van de gegevens en hoe bereik ik de privacy functionaris? Verantwoordelijk voor de gegevensverwerking is:Fluggz bvMarchandweg 453771 MN BarneveldT +31-342-404740F +31-342-492972https:\/\/fluggz.com vertegenwoordigd door: [&hellip;]<\/p>\n","protected":false},"author":2,"featured_media":0,"parent":0,"menu_order":0,"comment_status":"closed","ping_status":"closed","template":"visual-builder-template.php","meta":{"_monsterinsights_skip_tracking":false,"_monsterinsights_sitenote_active":false,"_monsterinsights_sitenote_note":"","_monsterinsights_sitenote_category":0,"footnotes":""},"class_list":["post-3491","page","type-page","status-publish","hentry"],"_links":{"self":[{"href":"https:\/\/www.fluggz.com\/de\/wp-json\/wp\/v2\/pages\/3491","targetHints":{"allow":["GET"]}}],"collection":[{"href":"https:\/\/www.fluggz.com\/de\/wp-json\/wp\/v2\/pages"}],"about":[{"href":"https:\/\/www.fluggz.com\/de\/wp-json\/wp\/v2\/types\/page"}],"author":[{"embeddable":true,"href":"https:\/\/www.fluggz.com\/de\/wp-json\/wp\/v2\/users\/2"}],"replies":[{"embeddable":true,"href":"https:\/\/www.fluggz.com\/de\/wp-json\/wp\/v2\/comments?post=3491"}],"version-history":[{"count":23,"href":"https:\/\/www.fluggz.com\/de\/wp-json\/wp\/v2\/pages\/3491\/revisions"}],"predecessor-version":[{"id":3953,"href":"https:\/\/www.fluggz.com\/de\/wp-json\/wp\/v2\/pages\/3491\/revisions\/3953"}],"wp:attachment":[{"href":"https:\/\/www.fluggz.com\/de\/wp-json\/wp\/v2\/media?parent=3491"}],"curies":[{"name":"wp","href":"https:\/\/api.w.org\/{rel}","templated":true}]}}