{"id":3630,"date":"2018-06-26T11:16:21","date_gmt":"2018-06-26T09:16:21","guid":{"rendered":"https:\/\/www.fluggz.com\/?page_id=3630"},"modified":"2018-07-09T17:02:20","modified_gmt":"2018-07-09T15:02:20","slug":"features","status":"publish","type":"page","link":"https:\/\/www.fluggz.com\/de\/features\/","title":{"rendered":"Eigenschaften"},"content":{"rendered":"<p><section   class=\"fw-main-row-custom fw-main-row-top  fw_theme_bg_color_1 auto  fw-section-position-back tf-sh-b8c10eed711a95cd5a136721d2a1d55a\"    >\n\t\t\t<div class=\"fw-container\" >\n\t\t<div class=\"fw-row\">\n\t<div id=\"column-69d9978ec3a29\" class=\"fw-col-sm-12 tf-sh-8bb9ab7d4229c6a4846d13ee6490d419  fw-animated-element\" data-animation-type=\"fadeInUp\" data-animation-delay=\"200\">\n\t<div class=\"fw-wrap-col-inner clearfix\"   >\n\t\t\t\t<div class=\"fw-col-inner\">\n\t\t\t<div class=\"fw-heading fw-heading-center  tf-sh-d11697aa2ea5c17049b429344c552546\" >\n\t\t\t<h1 class=\"fw-special-title\">FUNKTIONEN<\/h1>\n\t\n\t\n\t<\/div>\t\t<\/div>\n\t<\/div>\n<\/div><\/div>\n\n\t<\/div>\n\t<\/section><section   class=\"fw-main-row-custom  auto  fw-section-position-back tf-sh-484935a659a69fce0b5b266e7cdca8df\"    >\n\t\t\t<div class=\"fw-container\" >\n\t\t<div class=\"fw-row\">\n\t<div id=\"column-69d9978ec4013\" class=\"fw-col-sm-12 tf-sh-150d6cbddbda2030c606427c31861a92\" >\n\t<div class=\"fw-wrap-col-inner clearfix\"   >\n\t\t\t\t<div class=\"fw-col-inner\">\n\t\t\t<div class=\"fw-iconbox clearfix tf-sh-53b73834fcd4be0e71d0de2c154533bd fw-iconbox-1    bg-none\" >\n\t<div class=\"fw-iconbox-image\" style=\"\">\n\t\t\t\t\t<i class=\"fa fa-desktop fw_theme_text_color_5\" style=\"\"><\/i>\n\t\t\t<\/div>\n\n\t<div class=\"fw-iconbox-aside\">\n\t\t\t\t\t<div class=\"fw-iconbox-title\">\n\t\t\t\t<h2>Was bietet Fluggz?<\/h2>\n\t\t\t<\/div>\n\t\t\n\t\t\n\t\t\t<\/div>\n<\/div>\t\t<\/div>\n\t<\/div>\n<\/div><\/div>\n\n<div class=\"fw-row\">\n\t<div id=\"column-69d9978ec4384\" class=\"fw-col-sm-12 fw-mobile-hide-element tf-sh-f56074d29b9cc45e7c3d71b5fa322553\" >\n\t<div class=\"fw-wrap-col-inner clearfix\"   >\n\t\t\t\t<div class=\"fw-col-inner\">\n\t\t\t<div class=\"fw-divider-space space-md  clearfix\"  ><\/div>\t\t<\/div>\n\t<\/div>\n<\/div><\/div>\n\n<div class=\"fw-row\">\n\t<div id=\"column-69d9978ec45c9\" class=\"fw-col-sm-4 tf-sh-c350899776a7acc9b01c3951e00bd059\" >\n\t<div class=\"fw-wrap-col-inner clearfix\"   >\n\t\t\t\t<div class=\"fw-col-inner\">\n\t\t\t<div class=\"fw-iconbox clearfix tf-sh-8cedfad557230caeadeec4c26f613244 fw-iconbox-3   bg-on icon-circle\" >\n\t<div class=\"fw-iconbox-image  fw_theme_bg_color_1\" style=\"\">\n\t\t\t\t\t<i class=\"fa fa-child fw_theme_text_color_4\" style=\"\"><\/i>\n\t\t\t<\/div>\n\n\t<div class=\"fw-iconbox-aside\">\n\t\t\t\t\t<div class=\"fw-iconbox-title\">\n\t\t\t\t<h3>Kundenlogin<\/h3>\n\t\t\t<\/div>\n\t\t\n\t\t\t\t\t<div class=\"fw-iconbox-text\">\n\t\t\t\t<p>Wenn ein Kunde ein Konto anlegt, kann er die nachstehenden M\u00f6glichkeiten benutzen:<\/p><ul><li>Bestellhistorie einsehen<\/li><li>Auftragsstatus einsehen<\/li><li>Entw\u00fcrfe speichern<\/li><li>Angebote speichern<\/li><li>Fr\u00fcher bestellte Produkte erneut bestellen<\/li><\/ul>\t\t\t<\/div>\n\t\t\n\t\t\t<\/div>\n<\/div>\t\t<\/div>\n\t<\/div>\n<\/div><div id=\"column-69d9978ec482b\" class=\"fw-col-sm-4 tf-sh-8de0911eb1508445d7cc1eded76056da\" >\n\t<div class=\"fw-wrap-col-inner clearfix\"   >\n\t\t\t\t<div class=\"fw-col-inner\">\n\t\t\t<div class=\"fw-iconbox clearfix tf-sh-2878bd4e4c48d423f7f76b5073afe653 fw-iconbox-3   bg-on icon-circle\" >\n\t<div class=\"fw-iconbox-image  fw_theme_bg_color_1\" style=\"\">\n\t\t\t\t\t<i class=\"fa fa-bar-chart fw_theme_text_color_4\" style=\"\"><\/i>\n\t\t\t<\/div>\n\n\t<div class=\"fw-iconbox-aside\">\n\t\t\t\t\t<div class=\"fw-iconbox-title\">\n\t\t\t\t<h3>Hersteller Dashboard<\/h3>\n\t\t\t<\/div>\n\t\t\n\t\t\t\t\t<div class=\"fw-iconbox-text\">\n\t\t\t\t<p>Der Hersteller hat ein Dashboard in dem er alle Auftr\u00e4ge und Kundendaten bearbeiten kann und Zugriff auf Auswertungen von Verkauf und Materialverbrauch hat.<\/p><ul><li>Auftragsbearbeitung<\/li><li>Materialverwaltung<\/li><li>Verwaltung von Kalkulationsparameter<\/li><li>Verkaufs\u00fcbersichten pro Kunde<\/li><li>Verkaufs\u00fcbersichten pro Material<\/li><li>Verkaufs\u00fcbersichten pro Periode<\/li><\/ul>\t\t\t<\/div>\n\t\t\n\t\t\t<\/div>\n<\/div>\t\t<\/div>\n\t<\/div>\n<\/div><div id=\"column-69d9978ec4a97\" class=\"fw-col-sm-4 tf-sh-478a6cebbb68f376e1128e20263ce234\" >\n\t<div class=\"fw-wrap-col-inner clearfix\"   >\n\t\t\t\t<div class=\"fw-col-inner\">\n\t\t\t<div class=\"fw-iconbox clearfix tf-sh-b99c66b45ef73a33a9ffbcf5c7d5e072 fw-iconbox-3   bg-on icon-circle\" >\n\t<div class=\"fw-iconbox-image  fw_theme_bg_color_1\" style=\"\">\n\t\t\t\t\t<i class=\"fa fa-calculator fw_theme_text_color_4\" style=\"\"><\/i>\n\t\t\t<\/div>\n\n\t<div class=\"fw-iconbox-aside\">\n\t\t\t\t\t<div class=\"fw-iconbox-title\">\n\t\t\t\t<h3>Berechnung<\/h3>\n\t\t\t<\/div>\n\t\t\n\t\t\t\t\t<div class=\"fw-iconbox-text\">\n\t\t\t\t<p>Fluggz m\u00f6chtet dass jeder nach eigener Art und Weise kalkulieren kann, mit genau dem gew\u00fcnschten Ergebnis. Dazu k\u00f6nnen Sie in Fluggz die nachstehende Kalkulationsparameter benutzen:<\/p><ul><li>Materialpreis pro Quadratmeter<\/li><li>Materialaufschl\u00e4ge (sowohl einfach als gestaffelt)<\/li><li>Maschinen Stundensatz (sowohl einfach als gestaffelt)<\/li><li>R\u00fcstkosten<\/li><li>Allgemeiner Aufschlag auf dem Produktpreis<\/li><li>Versankosten<\/li><\/ul>\t\t\t<\/div>\n\t\t\n\t\t\t<\/div>\n<\/div>\t\t<\/div>\n\t<\/div>\n<\/div><\/div>\n\n<div class=\"fw-row\">\n\t<div id=\"column-69d9978ec4d50\" class=\"fw-col-sm-12 fw-mobile-hide-element tf-sh-bddf023368b31490b9f0f99204830a01\" >\n\t<div class=\"fw-wrap-col-inner clearfix\"   >\n\t\t\t\t<div class=\"fw-col-inner\">\n\t\t\t<div class=\"fw-divider-space space-md  clearfix\"  ><\/div>\t\t<\/div>\n\t<\/div>\n<\/div><\/div>\n\n<div class=\"fw-row\">\n\t<div id=\"column-69d9978ec5009\" class=\"fw-col-sm-4 tf-sh-fc5abce827949428af67725457f8bae5\" >\n\t<div class=\"fw-wrap-col-inner clearfix\"   >\n\t\t\t\t<div class=\"fw-col-inner\">\n\t\t\t<div class=\"fw-iconbox clearfix tf-sh-86236a30ce7aac599aca2b6aa6bacd6c fw-iconbox-3   bg-on icon-circle\" >\n\t<div class=\"fw-iconbox-image  fw_theme_bg_color_1\" style=\"\">\n\t\t\t\t\t<i class=\"fa fa-percent fw_theme_text_color_4\" style=\"\"><\/i>\n\t\t\t<\/div>\n\n\t<div class=\"fw-iconbox-aside\">\n\t\t\t\t\t<div class=\"fw-iconbox-title\">\n\t\t\t\t<h3>Promotions<\/h3>\n\t\t\t<\/div>\n\t\t\n\t\t\t\t\t<div class=\"fw-iconbox-text\">\n\t\t\t\t<p>Als Hersteller k\u00f6nnen sie verschiedene Promotions einstellen:<\/p><ul><li>Einmalig oder \u00f6fter verwendbar<\/li><li>Als Rabatt-Prozentsatz oder festen Betrag<\/li><li>Versandkosten festlegen<\/li><\/ul><p>&nbsp;<\/p><p>&nbsp;<\/p><p>&nbsp;<\/p><p>&nbsp;<\/p>\t\t\t<\/div>\n\t\t\n\t\t\t<\/div>\n<\/div><div class=\"fw-iconbox clearfix tf-sh-c0a61843aba64133844bdeb87fc6c42b fw-iconbox-3   bg-on icon-circle\" >\n\t<div class=\"fw-iconbox-image  fw_theme_bg_color_1\" style=\"\">\n\t\t\t\t\t<i class=\"fa fa-truck fw_theme_text_color_4\" style=\"\"><\/i>\n\t\t\t<\/div>\n\n\t<div class=\"fw-iconbox-aside\">\n\t\t\t\t\t<div class=\"fw-iconbox-title\">\n\t\t\t\t<h3>Versand<\/h3>\n\t\t\t<\/div>\n\t\t\n\t\t\t\t\t<div class=\"fw-iconbox-text\">\n\t\t\t\t<p>Fluggz hat eine Integration mit allen gro\u00dfen Paketdiensten, sodass der Versand direkt \u00fcber das Fluggz-Bestellsystem erfolgen kann, inkl. Sendungsverfolgung.<\/p>\t\t\t<\/div>\n\t\t\n\t\t\t<\/div>\n<\/div>\t\t<\/div>\n\t<\/div>\n<\/div><div id=\"column-69d9978ec5485\" class=\"fw-col-sm-4 tf-sh-916e5751d32f5c5426f09c94f05a0aad\" >\n\t<div class=\"fw-wrap-col-inner clearfix\"   >\n\t\t\t\t<div class=\"fw-col-inner\">\n\t\t\t<div class=\"fw-iconbox clearfix tf-sh-9d64f530f2895e6ea98dfc96f893a7db fw-iconbox-3   bg-on icon-circle\" >\n\t<div class=\"fw-iconbox-image  fw_theme_bg_color_1\" style=\"\">\n\t\t\t\t\t<i class=\"fa fa-money fw_theme_text_color_4\" style=\"\"><\/i>\n\t\t\t<\/div>\n\n\t<div class=\"fw-iconbox-aside\">\n\t\t\t\t\t<div class=\"fw-iconbox-title\">\n\t\t\t\t<h3>Bezahlen<\/h3>\n\t\t\t<\/div>\n\t\t\n\t\t\t\t\t<div class=\"fw-iconbox-text\">\n\t\t\t\t<p>Fluggz bietet jedem Hersteller ein eigenes Zahlungsinstrument, sodass er die vollst\u00e4ndige finanzielle Kontrolle \u00fcber seinen Auftrag hat. Fluggz unterst\u00fctzt folgende Zahlungsmethoden:<\/p><ul><li>Kreditkarten<\/li><li>Direktzahlung (iDeal etc.)<\/li><li>\u00dcberweisung<\/li><li>Auf Rechnung (nach Freigabe durch den Hersteller)<\/li><\/ul><p>F\u00fcr bestehende Kunden kann ein Hersteller bestehende Zahlungsbedingungen verwenden. F\u00fcr jeden Kunden k\u00f6nnen Sie eine Zahlungsfrist und einen Rabatt f\u00fcr eine k\u00fcrzere Zahlungsfrist festlegen.<\/p>\t\t\t<\/div>\n\t\t\n\t\t\t<\/div>\n<\/div>\t\t<\/div>\n\t<\/div>\n<\/div><div id=\"column-69d9978ec5762\" class=\"fw-col-sm-4 tf-sh-d830901274a0d6f8e778ccb117bf7e0b\" >\n\t<div class=\"fw-wrap-col-inner clearfix\"   >\n\t\t\t\t<div class=\"fw-col-inner\">\n\t\t\t<div class=\"fw-iconbox clearfix tf-sh-3875be4f81df61b4f0da9b240b1b30a5 fw-iconbox-3   bg-on icon-circle\" >\n\t<div class=\"fw-iconbox-image  fw_theme_bg_color_1\" style=\"\">\n\t\t\t\t\t<i class=\"fa fa-server fw_theme_text_color_4\" style=\"\"><\/i>\n\t\t\t<\/div>\n\n\t<div class=\"fw-iconbox-aside\">\n\t\t\t\t\t<div class=\"fw-iconbox-title\">\n\t\t\t\t<h3>Materialien Datenbank<\/h3>\n\t\t\t<\/div>\n\t\t\n\t\t\t\t\t<div class=\"fw-iconbox-text\">\n\t\t\t\t<p>Fluggz bietet eine aktuelle Materialdatenbank, aus der die Hersteller selbst ausw\u00e4hlen, welche Materialien sie anbieten wollen. Die Datenbank bietet folgende M\u00f6glichkeiten:<\/p><ul><li>Ca. 650 Materialien in verschiedenen St\u00e4rken (insgesamt ca. 3000 Materialreihen)<\/li><li>Datenbl\u00e4tter zum Herunterladen<\/li><li>Klassifiziert nach Materialart<\/li><li>Filterm\u00f6glichkeiten nach Eigenschaften, einschlie\u00dflich globaler chemischer Best\u00e4ndigkeit<\/li><li>Abbildungen<\/li><li>\u00dcber 30 Markenhersteller (u.a. Klinger, Frenzelit, Semperit, Garlock etc.)<\/li><li>Diverse Generika u.a. f\u00fcr Importqualit\u00e4ten<\/li><li>Eigenmarken-Materialien k\u00f6nnen eingebunden werden<\/li><\/ul>\t\t\t<\/div>\n\t\t\n\t\t\t<\/div>\n<\/div>\t\t<\/div>\n\t<\/div>\n<\/div><\/div>\n\n<div class=\"fw-row\">\n\t<div id=\"column-69d9978ec5a2e\" class=\"fw-col-sm-12 fw-mobile-hide-element tf-sh-8703a6dee21a6c0a8c6d0a6292be15c2\" >\n\t<div class=\"fw-wrap-col-inner clearfix\"   >\n\t\t\t\t<div class=\"fw-col-inner\">\n\t\t\t<div class=\"fw-divider-space space-md  clearfix\"  ><\/div>\t\t<\/div>\n\t<\/div>\n<\/div><\/div>\n\n<div class=\"fw-row\">\n\t<div id=\"column-69d9978ec5c15\" class=\"fw-col-sm-12 tf-sh-5f3b2249c0fae992b20898731c8af5d4\" >\n\t<div class=\"fw-wrap-col-inner clearfix\"   >\n\t\t\t\t<div class=\"fw-col-inner\">\n\t\t\t<div class=\"text-center\">\t<a href=\"\/de\/contact-us\/\" target=\"_self\" class=\"fw-btn tf-sh-44a6345853e9b3d06f4446fcbe92e9fe  fw-btn-lg   fw-btn-1\"  style=\"\">\n\t\t<span >\n\t\t\tDEMO ANFRAGEN\t\t<\/span>\n\t<\/a>\n<\/div>\t\t<\/div>\n\t<\/div>\n<\/div><\/div>\n\n\t<\/div>\n\t<\/section><\/p>","protected":false},"excerpt":{"rendered":"<p>FEATURES Wat biedt Fluggz? Klanten Inlog Als een klant een account aanmaakt kan hij gebruik maken van de volgende mogelijkheden:Bestelhistorie inzienOrderstatus inzienOpslaan van designsOpslaan van offertesEerder bestelde producten opnieuw bestellen Fabrikanten Dashboard De fabrikant heeft een dashboard waarin hij alle orders en klanten kan bewerken en heeft toegang tot statistieken over verkoop en materiaal verbruik.Order [&hellip;]<\/p>\n","protected":false},"author":3,"featured_media":0,"parent":0,"menu_order":0,"comment_status":"closed","ping_status":"closed","template":"visual-builder-template.php","meta":{"_monsterinsights_skip_tracking":false,"_monsterinsights_sitenote_active":false,"_monsterinsights_sitenote_note":"","_monsterinsights_sitenote_category":0,"footnotes":""},"class_list":["post-3630","page","type-page","status-publish","hentry"],"_links":{"self":[{"href":"https:\/\/www.fluggz.com\/de\/wp-json\/wp\/v2\/pages\/3630","targetHints":{"allow":["GET"]}}],"collection":[{"href":"https:\/\/www.fluggz.com\/de\/wp-json\/wp\/v2\/pages"}],"about":[{"href":"https:\/\/www.fluggz.com\/de\/wp-json\/wp\/v2\/types\/page"}],"author":[{"embeddable":true,"href":"https:\/\/www.fluggz.com\/de\/wp-json\/wp\/v2\/users\/3"}],"replies":[{"embeddable":true,"href":"https:\/\/www.fluggz.com\/de\/wp-json\/wp\/v2\/comments?post=3630"}],"version-history":[{"count":28,"href":"https:\/\/www.fluggz.com\/de\/wp-json\/wp\/v2\/pages\/3630\/revisions"}],"predecessor-version":[{"id":3851,"href":"https:\/\/www.fluggz.com\/de\/wp-json\/wp\/v2\/pages\/3630\/revisions\/3851"}],"wp:attachment":[{"href":"https:\/\/www.fluggz.com\/de\/wp-json\/wp\/v2\/media?parent=3630"}],"curies":[{"name":"wp","href":"https:\/\/api.w.org\/{rel}","templated":true}]}}