{"id":3914,"date":"2019-04-26T12:39:00","date_gmt":"2019-04-26T10:39:00","guid":{"rendered":"https:\/\/www.fluggz.com\/?page_id=3914"},"modified":"2019-04-26T12:58:56","modified_gmt":"2019-04-26T10:58:56","slug":"media","status":"publish","type":"page","link":"https:\/\/www.fluggz.com\/de\/media\/","title":{"rendered":"Media"},"content":{"rendered":"<p><section   class=\"fw-main-row-custom fw-main-row-top  fw_theme_bg_color_1 auto  fw-section-position-back tf-sh-60305ffcf6f0e30b2f08aac6191d236b\"    >\n\t\t\t<div class=\"fw-container\" >\n\t\t<div class=\"fw-row\">\n\t<div id=\"column-69f240cf709c9\" class=\"fw-col-sm-12 tf-sh-1888c94817e30a389bf07721fe0a5397  fw-animated-element\" data-animation-type=\"fadeInUp\" data-animation-delay=\"200\">\n\t<div class=\"fw-wrap-col-inner clearfix\"   >\n\t\t\t\t<div class=\"fw-col-inner\">\n\t\t\t<div class=\"fw-heading fw-heading-center  tf-sh-452b7dcc429ec7237e8b505a41c807e5\" >\n\t\t\t<h1 class=\"fw-special-title\">MEDIA<\/h1>\n\t\n\t\n\t<\/div>\t\t<\/div>\n\t<\/div>\n<\/div><\/div>\n\n\t<\/div>\n\t<\/section><section   class=\"fw-main-row-custom  auto  fw-section-position-back tf-sh-4e2943943e7b031100a3ff7a9d8032c8\"    >\n\t\t\t<div class=\"fw-container\" >\n\t\t<div class=\"fw-row\">\n\t<div id=\"column-69f240cf70f54\" class=\"fw-col-sm-2 tf-sh-339bb941d3e958e2346d1c293d7f7a21\" >\n\t<div class=\"fw-wrap-col-inner clearfix\"   >\n\t\t\t\t<div class=\"fw-col-inner\">\n\t\t\t\t\t<\/div>\n\t<\/div>\n<\/div><div id=\"column-69f240cf7103d\" class=\"fw-col-sm-8 tf-sh-95978eb8705a566dd9ae53f27692bbe2\" >\n\t<div class=\"fw-wrap-col-inner clearfix\"   >\n\t\t\t\t<div class=\"fw-col-inner\">\n\t\t\t<div class=\"fw-text-box tf-sh-57fdde53590c7de69a5cba18dc89488a\" >\n\t<div class=\"fw-text-inner\">\n\t\t<p style=\"text-align: center;\">Fluggz ist ein einzigartiges Instrument, das die notwendige Aufmerksamkeit der Medien auf sich zieht. Wir freuen uns, einige Publikationen \u00fcber Fluggz in Fachzeitschriften und anderen Medien ver\u00f6ffentlichen zu k\u00f6nnen.<\/p>\n\t<\/div>\n<\/div>\t\t<\/div>\n\t<\/div>\n<\/div><div id=\"column-69f240cf71310\" class=\"fw-col-sm-2 tf-sh-af5962fcb3f8eadc74c30713b40e4fc2\" >\n\t<div class=\"fw-wrap-col-inner clearfix\"   >\n\t\t\t\t<div class=\"fw-col-inner\">\n\t\t\t\t\t<\/div>\n\t<\/div>\n<\/div><\/div>\n\n<div class=\"fw-row\">\n\t<div id=\"column-69f240cf71510\" class=\"fw-col-sm-12 tf-sh-909c382b4283178cf5ca5d2efa6d009a\" >\n\t<div class=\"fw-wrap-col-inner clearfix\"   >\n\t\t\t\t<div class=\"fw-col-inner\">\n\t\t\t\t<div  class=\"fw-divider tf-sh-fc8322a0bd0bf7c64cf97a792c4e946f  fw-divider-align-left fw-divider-full-width fw-line-solid fw-divider-line space-md  fw_theme_border_only_fw-custom\"  style=\"width: auto;  \" ><\/div>\n\t\t<\/div>\n\t<\/div>\n<\/div><\/div>\n\n<div class=\"fw-row\">\n\t<div id=\"column-69f240cf71894\" class=\"fw-col-sm-3 tf-sh-394c53ff7d9ae8eed89eeb1ffc8f4725\" >\n\t<div class=\"fw-wrap-col-inner clearfix\"   >\n\t\t\t\t<div class=\"fw-col-inner\">\n\t\t\t\n\t\t\t<div class=\"fw-block-image-parent fw-overlay-1 fw-block-image-icon\"  style=\"width: 100%; \">\n\t\t\t<a class=\"fw-block-image-child fw-noratio fw-ratio-container\" href=\"https:\/\/www.fluggz.com\/wp-content\/uploads\/2019\/04\/20190401_Technischer_Handel_03_2019_FLUGGZ_web.pdf\" target=\"&#039;_blank&#039;\">\n\t\t\t\t<noscript itemscope itemtype=\"https:\/\/schema.org\/ImageObject\" itemprop=\"image\"><img decoding=\"async\" src=\"https:\/\/www.fluggz.com\/wp-content\/uploads\/2019\/04\/20190401_Technische_handel_image-2.png\"  alt=\"20190401_Technische_handel_image\" data-maxdpr=\"1.7\" class=\"lazyload\" \/><meta itemprop=\"url\" content=\"https:\/\/www.fluggz.com\/wp-content\/uploads\/2019\/04\/20190401_Technische_handel_image-2.png\"><meta itemprop=\"width\" content=\"282\"><meta itemprop=\"height\" content=\"400\"><\/noscript><img decoding=\"async\" src=\"data:image\/gif;base64,R0lGODlhAQABAIAAAAAAAP\/\/\/yH5BAEAAAAALAAAAAABAAEAAAIBRAA7\" data-sizes=\"auto\" data-srcset=\"https:\/\/www.fluggz.com\/wp-content\/uploads\/2019\/04\/20190401_Technische_handel_image-2.png\"   alt=\"20190401_Technische_handel_image\" data-maxdpr=\"1.7\" class=\"lazyload\" \/><span class=\"fw-after-no-ratio\" style=\"padding-bottom: 141.84397163121%\"><\/span>\t\t\t\t                                    <div class=\"fw-block-image-overlay\">\n                        <div class=\"fw-itable\">\n                            <div class=\"fw-icell\">\n                                <i class=\"fw-icon-link\"><\/i>\n                            <\/div>\n                        <\/div>\n                    <\/div>\n                \t\t\t<\/a>\n\t\t<\/div>\n\t\n<div class=\"fw-text-box tf-sh-5a560582842604cbefc243e9dd0bf48d\" >\n\t<div class=\"fw-text-inner\">\n\t\t<p style=\"text-align: center;\">Technischer Handel 3-2019<br \/>(Deutsch)<\/p>\n\t<\/div>\n<\/div>\t\t<\/div>\n\t<\/div>\n<\/div><div id=\"column-69f240cf720ec\" class=\"fw-col-sm-3 tf-sh-93bdd5e9d36bf1ef242a3f353006e5da\" >\n\t<div class=\"fw-wrap-col-inner clearfix\"   >\n\t\t\t\t<div class=\"fw-col-inner\">\n\t\t\t\n\t\t\t<div class=\"fw-block-image-parent fw-overlay-1 fw-block-image-icon\"  style=\"width: 100%; \">\n\t\t\t<a class=\"fw-block-image-child fw-noratio fw-ratio-container\" href=\"https:\/\/www.fluggz.com\/wp-content\/uploads\/2019\/04\/201902_DICHT_Fluggz.pdf\" target=\"&#039;_blank&#039;\">\n\t\t\t\t<noscript itemscope itemtype=\"https:\/\/schema.org\/ImageObject\" itemprop=\"image\"><img decoding=\"async\" src=\"https:\/\/www.fluggz.com\/wp-content\/uploads\/2019\/04\/201902_dicht_image-1.png\"  alt=\"201902_dicht_image\" data-maxdpr=\"1.7\" class=\"lazyload\" \/><meta itemprop=\"url\" content=\"https:\/\/www.fluggz.com\/wp-content\/uploads\/2019\/04\/201902_dicht_image-1.png\"><meta itemprop=\"width\" content=\"282\"><meta itemprop=\"height\" content=\"400\"><\/noscript><img decoding=\"async\" src=\"data:image\/gif;base64,R0lGODlhAQABAIAAAAAAAP\/\/\/yH5BAEAAAAALAAAAAABAAEAAAIBRAA7\" data-sizes=\"auto\" data-srcset=\"https:\/\/www.fluggz.com\/wp-content\/uploads\/2019\/04\/201902_dicht_image-1.png\"   alt=\"201902_dicht_image\" data-maxdpr=\"1.7\" class=\"lazyload\" \/><span class=\"fw-after-no-ratio\" style=\"padding-bottom: 141.84397163121%\"><\/span>\t\t\t\t                                    <div class=\"fw-block-image-overlay\">\n                        <div class=\"fw-itable\">\n                            <div class=\"fw-icell\">\n                                <i class=\"fw-icon-link\"><\/i>\n                            <\/div>\n                        <\/div>\n                    <\/div>\n                \t\t\t<\/a>\n\t\t<\/div>\n\t\n<div class=\"fw-text-box tf-sh-4fb678493349c48ff914d89115fff832\" >\n\t<div class=\"fw-text-inner\">\n\t\t<p style=\"text-align: center;\">Dicht! Magazine 2-2019<br \/>(Deutsch)<\/p>\n\t<\/div>\n<\/div>\t\t<\/div>\n\t<\/div>\n<\/div><\/div>\n\n\t<\/div>\n\t<\/section><\/p>","protected":false},"excerpt":{"rendered":"<p>MEDIA Fluggz is een unieke tool, die dan ook de nodige aandacht trekt van de media. We delen hier graag enkele publicaties over Fluggz in vakbladen en andere media. Technischer Handel 3-2019(Duits) Dicht! Magazine 2-2019(Duits)<\/p>","protected":false},"author":2,"featured_media":0,"parent":0,"menu_order":0,"comment_status":"closed","ping_status":"closed","template":"visual-builder-template.php","meta":{"_monsterinsights_skip_tracking":false,"_monsterinsights_sitenote_active":false,"_monsterinsights_sitenote_note":"","_monsterinsights_sitenote_category":0,"footnotes":""},"class_list":["post-3914","page","type-page","status-publish","hentry"],"_links":{"self":[{"href":"https:\/\/www.fluggz.com\/de\/wp-json\/wp\/v2\/pages\/3914","targetHints":{"allow":["GET"]}}],"collection":[{"href":"https:\/\/www.fluggz.com\/de\/wp-json\/wp\/v2\/pages"}],"about":[{"href":"https:\/\/www.fluggz.com\/de\/wp-json\/wp\/v2\/types\/page"}],"author":[{"embeddable":true,"href":"https:\/\/www.fluggz.com\/de\/wp-json\/wp\/v2\/users\/2"}],"replies":[{"embeddable":true,"href":"https:\/\/www.fluggz.com\/de\/wp-json\/wp\/v2\/comments?post=3914"}],"version-history":[{"count":15,"href":"https:\/\/www.fluggz.com\/de\/wp-json\/wp\/v2\/pages\/3914\/revisions"}],"predecessor-version":[{"id":3936,"href":"https:\/\/www.fluggz.com\/de\/wp-json\/wp\/v2\/pages\/3914\/revisions\/3936"}],"wp:attachment":[{"href":"https:\/\/www.fluggz.com\/de\/wp-json\/wp\/v2\/media?parent=3914"}],"curies":[{"name":"wp","href":"https:\/\/api.w.org\/{rel}","templated":true}]}}